{"id":2961,"date":"2025-03-16T18:27:04","date_gmt":"2025-03-16T18:27:04","guid":{"rendered":"https:\/\/gpw-group.com\/?page_id=2961"},"modified":"2025-03-26T14:33:06","modified_gmt":"2025-03-26T14:33:06","slug":"condizioni-generali-di-contratto","status":"publish","type":"page","link":"https:\/\/gpw-group.com\/it\/condizioni-generali-di-contratto\/","title":{"rendered":"Condizioni generali di contratto"},"content":{"rendered":"\t\t<div data-elementor-type=\"wp-page\" data-elementor-id=\"2961\" class=\"elementor elementor-2961 elementor-1398\" data-elementor-post-type=\"page\">\n\t\t\t\t<div class=\"elementor-element elementor-element-82c4f2e e-flex e-con-boxed e-con e-parent\" data-id=\"82c4f2e\" data-element_type=\"container\" data-e-type=\"container\">\n\t\t\t\t\t<div class=\"e-con-inner\">\n\t\t\t\t<div class=\"elementor-element elementor-element-5bdbb63 elementor-widget elementor-widget-text-editor\" data-id=\"5bdbb63\" data-element_type=\"widget\" data-e-type=\"widget\" data-widget_type=\"text-editor.default\">\n\t\t\t\t<div class=\"elementor-widget-container\">\n\t\t\t\t\t\t\t\t\t<h1><b>Condizioni generali di contratto (CGC)<\/b><\/h1><p>\u00a0<\/p><h3><b>I. Disposizioni generali<\/b><\/h3><p><b>1. Ambito di applicazione<\/b><\/p><ol><li>Le presenti Condizioni generali di contratto (CGC) si applicano a tutte le nostre vendite ai clienti, sia nazionali che internazionali. Le CGC si applicano esclusivamente agli imprenditori ai sensi del \u00a7 14 del Codice civile tedesco. Non saranno riconosciuti termini e condizioni dell\u2019acquirente contrastanti o divergenti, a meno che non siano stati da noi espressamente accettati nei singoli casi.<\/li><li>\u00c8 possibile consultare in ogni momento la versione aggiornata delle CGC sul nostro sito web.<\/li><li>Le presenti CGC non si applicano ai consumatori ai sensi del \u00a7 13 del Codice civile tedesco. Ai consumatori si applicano disposizioni separate.<\/li><\/ol><p><b>2. Stipula del contratto<\/b><\/p><ol><li>I nostri preventivi sono soggetti a modifiche e non vincolanti, a meno che non siano espressamente indicati come vincolanti.<\/li><li>Il contratto si perfeziona solo con la nostra conferma d\u2019ordine scritta o con la consegna della merce.<\/li><li>Gli ordini effettuati dall\u2019acquirente sono da considerarsi preventivi vincolanti. Questo si ritiene accettato da noi solo attraverso la conferma d\u2019ordine o la consegna.<\/li><\/ol><p><b>3. Prezzi e pagamento<\/b><\/p><ol><li>I nostri prezzi si intendono al netto, pi\u00f9 l\u2019imposta sul valore aggiunto applicabile per legge.<\/li><li>I pagamenti sono esigibili entro 14 giorni dalla fatturazione, senza detrazioni, se non diversamente concordato.<\/li><li>In caso di ritardo nel pagamento, siamo autorizzati ad addebitare gli interessi di mora a un tasso del 9% superiore al tasso di base fissato dalla Banca centrale europea, ai sensi del \u00a7288.2 del Codice civile tedesco.<\/li><\/ol><p><b>4. Consegna e trasferimento del rischio<\/b><\/p><ol><li>I termini di consegna non sono vincolanti, a meno che non siano espressamente indicati come vincolanti.<\/li><li>La consegna viene effettuata da EXW Saarbr\u00fccken. Il rischio viene trasferito all\u2019acquirente quando la merce viene messa a disposizione per il ritiro da parte dell\u2019acquirente.<\/li><li>Salvo diversamente concordato, la spedizione avviene a rischio e a spese dell\u2019acquirente.<\/li><\/ol><p><b>5. Importo minimo di acquisto<\/b><\/p><p>Per ordini di valore netto inferiore a 100 euro potrebbero essere applicate ulteriori spese di elaborazione.<\/p><p><b>6. Riserva di propriet\u00e0<\/b><\/p><p>La merce rimane di nostra propriet\u00e0 fino al completo pagamento. Nel caso di conti correnti, la merce riservata vale come garanzia per i nostri crediti a saldo.<\/p><p><b>7. Reso<\/b><\/p><ol><li>\u00c8 generalmente escluso il reso di merce non difettosa. In casi eccezionali e previa autorizzazione, \u00e8 possibile effettuare resi.<\/li><li>Per prodotti refrigerati o farmaci speciali si applicano specifiche condizioni di reso.<\/li><\/ol><p><b>8. Condizioni speciali per i prodotti refrigerati<\/b><\/p><ol><li>I prodotti refrigerati sono consegnati in conformit\u00e0 alle linee guida GDP (Good Distribution Practice). \u00c8 necessario garantire il rispetto della catena del freddo durante il trasporto.<\/li><li>Per i prodotti refrigerati sono richiesti imballaggi e trasporti speciali a temperatura controllata, che possono comportare costi aggiuntivi.<\/li><li>Il reso di prodotti refrigerati \u00e8 generalmente escluso, a meno che l\u2019acquirente non possa dimostrare che la catena del freddo sia stata mantenuta senza interruzioni.<\/li><li>Dal momento in cui la merce viene consegnata allo spedizioniere o al vettore, l\u2019acquirente si assume il rischio di mantenere la catena del freddo.<\/li><\/ol><p><b>9. Diritto di recesso<\/b><\/p><p>Le transazioni da noi offerte si configurano come contratti con imprenditori ai sensi del \u00a7 14 del Codice civile tedesco. \u00c8 pertanto escluso il diritto di recesso di cui i consumatori hanno diritto ai sensi del \u00a7 355 del Codice civile tedesco. I nostri prodotti, in particolare i farmaci, sono esclusi da qualsiasi reso o diritto di recesso, a meno che non sia stato stipulato un accordo contrattuale separato.<\/p><p><b>10.\u00a0 Responsabilit\u00e0<\/b><\/p><ol><li>Siamo responsabili senza limitazioni per dolo e colpa grave. In caso di negligenza lieve, rispondiamo solo dei danni derivanti da lesioni alla vita, all\u2019integrit\u00e0 fisica o alla salute.<\/li><li>Per altri danni rispondiamo solo in caso di violazione di obblighi contrattuali materiali (obblighi cardinali) e solo fino all\u2019ammontare del danno prevedibile tipico del contratto.<\/li><li>Si esclude qualsiasi altra responsabilit\u00e0, a meno che le disposizioni di legge obbligatorie non prevedano ulteriori responsabilit\u00e0.<\/li><\/ol><p><b>11.\u00a0 Garanzia<\/b><\/p><p>I difetti devono essere segnalati tempestivamente, al pi\u00f9 tardi entro 3 giorni dal ricevimento della merce. Anche i difetti nascosti devono essere segnalati tempestivamente dopo la loro individuazione.<\/p><p><b>12.\u00a0 Protezione dei dati<\/b><\/p><p>Trattiamo i dati personali in conformit\u00e0 al Regolamento generale sulla protezione dei dati (RGPD). Il cliente ha sempre diritto all\u2019informazione, alla rettifica, alla cancellazione o alla limitazione del trattamento dei propri dati. \u00c8 possibile consultare l\u2019informativa sulla privacy in qualsiasi momento sul nostro sito web.<\/p><p><b>13.\u00a0 Disposizioni finali<\/b><\/p><ol><li>Il luogo di adempimento per tutti gli obblighi derivanti dal rapporto contrattuale \u00e8 la nostra sede legale.<\/li><li>Il foro competente per tutte le controversie derivanti dal contratto o a esso collegate \u00e8 la nostra sede legale, a condizione che l\u2019acquirente sia un commerciante.<\/li><li>Si applica il diritto della Repubblica Federale di Germania, a esclusione della convenzione delle Nazioni Unite sulla vendita internazionale di beni (CISG).<\/li><li>L\u2019eventuale invalidit\u00e0 di una disposizione delle presenti CGC non pregiudica la validit\u00e0 delle altre disposizioni.<\/li><\/ol><h3><b>II. Ulteriori CGC per l\u2019acquisto di medicinali esteri (\u00a7 73 III AMG)<\/b><\/h3><p><b>1. Per conto del farmacista<\/b><\/p><p>Evadiamo gli ordini delle farmacie per l\u2019acquisto di medicinali dall\u2019estero in conformit\u00e0 con il \u00a7 73 comma 3 AMG in nome, per conto e in qualit\u00e0 di agente del farmacista. Lo stesso vale anche nel caso in cui l\u2019ordine sia stato effettuato presso un grossista farmaceutico che lo ha trasmesso a noi.<\/p><p><b>2. Informazioni non vincolanti<\/b><\/p><p>Le informazioni su un farmaco (ad\u00a0es. disponibilit\u00e0, prezzo, composizione, effetto) non sono vincolanti. Lo stesso vale per informazioni relative a eventuali medicinali sostitutivi con lo stesso principio attivo autorizzati in Germania.<\/p><p><b>3. Autorizzazione del cliente<\/b><\/p><p>Se riceviamo un ordine per merci la cui consegna o il cui utilizzo \u00e8 soggetto a norme di legge, l\u2019ordine \u00e8 da considerarsi una dichiarazione che il cliente \u00e8 autorizzato ad acquistare la merce e che la utilizzer\u00e0 in conformit\u00e0 alle norme vigenti.<\/p><p><b>4. Adeguamento tariffario<\/b><\/p><p>a. Autorizzazione all\u2019adeguamento tariffario<br \/>Siamo autorizzati ad adeguare il prezzo concordato se, dopo la stipula del contratto, le condizioni quadro legali, in particolare per quanto riguarda le norme di importazione ai sensi del \u00a7 73 comma 3 AMG, cambiano in modo significativo o se il prezzo di acquisto del medicinale aumenta sensibilmente a causa di modifiche normative del Paese di fornitura o della politica dei prezzi del produttore. Tra le ragioni ammesse per l\u2019adeguamento vi sono anche le fluttuazioni dei tassi di cambio aventi un impatto significativo sui costi di importazione.<\/p><p>b. Limitazione al rialzo dei prezzi<br \/>Un adeguamento tariffario \u00e8 consentito solo nella misura necessaria a compensare l\u2019aumento dei costi. L\u2019adeguamento tariffario sar\u00e0 limitato all\u2019aumento specifico dei costi attribuibile alle variazioni del Paese di consegna o alle fluttuazioni dei tassi di cambio.<\/p><p>c. Obbligo di informazione e diritto di recesso<br \/>Informeremo immediatamente l\u2019acquirente dell\u2019adeguamento tariffario previsto e delle relative motivazioni. Se l\u2019adeguamento tariffario supera il 10% del prezzo di acquisto originariamente concordato, l\u2019acquirente ha il diritto di recedere dal contratto entro due settimane dal ricevimento della notifica. Il recesso \u00e8 escluso se l\u2019adeguamento tariffario \u00e8 dovuto a modifiche legali o a inevitabili adeguamenti tariffari da parte del produttore riguardanti la legislazione farmaceutica.<\/p><p><b>5. Nessun reso<\/b><\/p><p>Il reso di farmaci non difettosi \u00e8 vietato dalla legge. In caso di reso di tali merci, l\u2019importo da noi fatturato deve essere comunque corrisposto. Informeremo il cliente che provvederemo a distruggere la merce resa. Su richiesta, rilasceremo una dichiarazione di distruzione.<\/p><p><b>6. Ritiro<\/b><\/p><p>Se un produttore straniero ritira un farmaco che abbiamo acquistato per conto di una farmacia e che abbiamo gi\u00e0 consegnato, informeremo la farmacia del ritiro. La farmacia provveder\u00e0 a rispedirci il farmaco in porto franco e noi lo inoltreremo al produttore. Non appena riceveremo il rimborso o l\u2019indennizzo dal produttore, lo verseremo interamente alla farmacia dopo aver dedotto la nostra quota dei costi.<\/p>\t\t\t\t\t\t\t\t<\/div>\n\t\t\t\t<\/div>\n\t\t\t\t\t<\/div>\n\t\t\t\t<\/div>\n\t\t\t\t<\/div>\n\t\t","protected":false},"excerpt":{"rendered":"<p>Condizioni generali di contratto (CGC) \u00a0 I. Disposizioni generali 1. Ambito di applicazione Le presenti Condizioni generali di contratto (CGC) si applicano a tutte le nostre vendite ai clienti, sia nazionali che internazionali. Le CGC si applicano esclusivamente agli imprenditori ai sensi del \u00a7 14 del Codice civile tedesco. Non saranno riconosciuti termini e condizioni [&hellip;]<\/p>\n","protected":false},"author":1,"featured_media":0,"parent":0,"menu_order":0,"comment_status":"closed","ping_status":"closed","template":"elementor_header_footer","meta":{"footnotes":""},"class_list":["post-2961","page","type-page","status-publish","hentry"],"_links":{"self":[{"href":"https:\/\/gpw-group.com\/it\/wp-json\/wp\/v2\/pages\/2961","targetHints":{"allow":["GET"]}}],"collection":[{"href":"https:\/\/gpw-group.com\/it\/wp-json\/wp\/v2\/pages"}],"about":[{"href":"https:\/\/gpw-group.com\/it\/wp-json\/wp\/v2\/types\/page"}],"author":[{"embeddable":true,"href":"https:\/\/gpw-group.com\/it\/wp-json\/wp\/v2\/users\/1"}],"replies":[{"embeddable":true,"href":"https:\/\/gpw-group.com\/it\/wp-json\/wp\/v2\/comments?post=2961"}],"version-history":[{"count":4,"href":"https:\/\/gpw-group.com\/it\/wp-json\/wp\/v2\/pages\/2961\/revisions"}],"predecessor-version":[{"id":2965,"href":"https:\/\/gpw-group.com\/it\/wp-json\/wp\/v2\/pages\/2961\/revisions\/2965"}],"wp:attachment":[{"href":"https:\/\/gpw-group.com\/it\/wp-json\/wp\/v2\/media?parent=2961"}],"curies":[{"name":"wp","href":"https:\/\/api.w.org\/{rel}","templated":true}]}}